{"id":48,"date":"2021-09-01T18:38:52","date_gmt":"2021-09-01T21:38:52","guid":{"rendered":"https:\/\/mercurioproducoes.com.br\/?page_id=48"},"modified":"2022-02-10T21:38:05","modified_gmt":"2022-02-11T00:38:05","slug":"contact","status":"publish","type":"page","link":"https:\/\/mercurioproducoes.com.br\/en\/contact\/","title":{"rendered":"Contact"},"content":{"rendered":"\t\t<div data-elementor-type=\"wp-page\" data-elementor-id=\"48\" class=\"elementor elementor-48\" data-elementor-settings=\"[]\">\n\t\t\t\t\t\t\t<div class=\"elementor-section-wrap\">\n\t\t\t\t\t\t\t<section class=\"elementor-section elementor-top-section elementor-element elementor-element-b86f4a0 elementor-section-full_width elementor-section-height-default elementor-section-height-default\" data-id=\"b86f4a0\" data-element_type=\"section\" data-settings=\"{&quot;background_background&quot;:&quot;classic&quot;}\">\n\t\t\t\t\t\t\t<div class=\"elementor-background-overlay\"><\/div>\n\t\t\t\t\t\t\t<div class=\"elementor-container elementor-column-gap-default\">\n\t\t\t\t\t<div class=\"elementor-column elementor-col-100 elementor-top-column elementor-element elementor-element-bf322ab\" data-id=\"bf322ab\" data-element_type=\"column\">\n\t\t\t<div class=\"elementor-widget-wrap elementor-element-populated\">\n\t\t\t\t\t\t\t\t\t<\/div>\n\t\t<\/div>\n\t\t\t\t\t\t\t<\/div>\n\t\t<\/section>\n\t\t\t\t<section class=\"elementor-section elementor-top-section elementor-element elementor-element-7c18a52 elementor-section-boxed elementor-section-height-default elementor-section-height-default\" data-id=\"7c18a52\" data-element_type=\"section\">\n\t\t\t\t\t\t<div class=\"elementor-container elementor-column-gap-default\">\n\t\t\t\t\t<div class=\"elementor-column elementor-col-33 elementor-top-column elementor-element elementor-element-2fe0f48\" data-id=\"2fe0f48\" data-element_type=\"column\">\n\t\t\t<div class=\"elementor-widget-wrap\">\n\t\t\t\t\t\t\t\t\t<\/div>\n\t\t<\/div>\n\t\t\t\t<div class=\"elementor-column elementor-col-33 elementor-top-column elementor-element elementor-element-2c6ae5f\" data-id=\"2c6ae5f\" data-element_type=\"column\">\n\t\t\t<div class=\"elementor-widget-wrap elementor-element-populated\">\n\t\t\t\t\t\t\t\t<section class=\"elementor-section elementor-inner-section elementor-element elementor-element-e6ad456 elementor-section-boxed elementor-section-height-default elementor-section-height-default\" data-id=\"e6ad456\" data-element_type=\"section\">\n\t\t\t\t\t\t<div class=\"elementor-container elementor-column-gap-default\">\n\t\t\t\t\t<div class=\"elementor-column elementor-col-100 elementor-inner-column elementor-element elementor-element-7fb1233\" data-id=\"7fb1233\" data-element_type=\"column\">\n\t\t\t<div class=\"elementor-widget-wrap elementor-element-populated\">\n\t\t\t\t\t\t\t\t<div class=\"elementor-element elementor-element-94d93fd elementor-widget elementor-widget-text-editor\" data-id=\"94d93fd\" data-element_type=\"widget\" data-widget_type=\"text-editor.default\">\n\t\t\t\t<div class=\"elementor-widget-container\">\n\t\t\t\t\t\t\t\t<p>To send distribution proposals, partnerships, questions or suggestions, fill in the information below.<\/p>\t\t\t\t\t\t<\/div>\n\t\t\t\t<\/div>\n\t\t\t\t\t<\/div>\n\t\t<\/div>\n\t\t\t\t\t\t\t<\/div>\n\t\t<\/section>\n\t\t\t\t<div class=\"elementor-element elementor-element-ef53a7d elementor-button-align-stretch elementor-widget elementor-widget-form\" data-id=\"ef53a7d\" data-element_type=\"widget\" data-settings=\"{&quot;button_width&quot;:&quot;50&quot;,&quot;step_next_label&quot;:&quot;Next&quot;,&quot;step_previous_label&quot;:&quot;Previous&quot;,&quot;step_type&quot;:&quot;number_text&quot;,&quot;step_icon_shape&quot;:&quot;circle&quot;}\" data-widget_type=\"form.default\">\n\t\t\t\t<div class=\"elementor-widget-container\">\n\t\t\t\t\t<form class=\"elementor-form\" method=\"post\" name=\"New Form\">\n\t\t\t<input type=\"hidden\" name=\"post_id\" value=\"48\"\/>\n\t\t\t<input type=\"hidden\" name=\"form_id\" value=\"ef53a7d\"\/>\n\n\t\t\t\n\t\t\t<div class=\"elementor-form-fields-wrapper elementor-labels-above\">\n\t\t\t\t\t\t\t\t<div class=\"elementor-field-type-text elementor-field-group elementor-column elementor-field-group-name elementor-col-100 elementor-field-required elementor-mark-required\">\n\t\t\t\t\t<label for=\"form-field-name\" class=\"elementor-field-label\">Name<\/label><input size=\"1\" type=\"text\" name=\"form_fields[name]\" id=\"form-field-name\" class=\"elementor-field elementor-size-sm  elementor-field-textual\" placeholder=\"Inform your name\" required=\"required\" aria-required=\"true\">\t\t\t\t<\/div>\n\t\t\t\t\t\t\t\t<div class=\"elementor-field-type-email elementor-field-group elementor-column elementor-field-group-email elementor-col-100 elementor-field-required elementor-mark-required\">\n\t\t\t\t\t<label for=\"form-field-email\" class=\"elementor-field-label\">Email<\/label><input size=\"1\" type=\"email\" name=\"form_fields[email]\" id=\"form-field-email\" class=\"elementor-field elementor-size-sm  elementor-field-textual\" placeholder=\"Inform your email\" required=\"required\" aria-required=\"true\">\t\t\t\t<\/div>\n\t\t\t\t\t\t\t\t<div class=\"elementor-field-type-text elementor-field-group elementor-column elementor-field-group-field_865046e elementor-col-100 elementor-field-required elementor-mark-required\">\n\t\t\t\t\t<label for=\"form-field-field_865046e\" class=\"elementor-field-label\">Subject<\/label><input size=\"1\" type=\"text\" name=\"form_fields[field_865046e]\" id=\"form-field-field_865046e\" class=\"elementor-field elementor-size-sm  elementor-field-textual\" placeholder=\"Tell the reason for your contact\" required=\"required\" aria-required=\"true\">\t\t\t\t<\/div>\n\t\t\t\t\t\t\t\t<div class=\"elementor-field-type-textarea elementor-field-group elementor-column elementor-field-group-message elementor-col-100 elementor-field-required elementor-mark-required\">\n\t\t\t\t\t<label for=\"form-field-message\" class=\"elementor-field-label\">Message<\/label><textarea class=\"elementor-field-textual elementor-field  elementor-size-sm\" name=\"form_fields[message]\" id=\"form-field-message\" rows=\"4\" placeholder=\"Write your message here\" required=\"required\" aria-required=\"true\"><\/textarea>\t\t\t\t<\/div>\n\t\t\t\t\t\t\t\t<div class=\"elementor-field-group elementor-column elementor-field-type-submit elementor-col-50 e-form__buttons\">\n\t\t\t\t\t<button type=\"submit\" class=\"elementor-button elementor-size-md\">\n\t\t\t\t\t\t<span >\n\t\t\t\t\t\t\t\t\t\t\t\t\t\t\t<span class=\" elementor-button-icon\">\n\t\t\t\t\t\t\t\t\t\t\t\t\t\t\t\t\t\t\t\t\t\t\t\t\t\t<\/span>\n\t\t\t\t\t\t\t\t\t\t\t\t\t\t\t\t\t\t\t\t\t\t<span class=\"elementor-button-text\">Send message<\/span>\n\t\t\t\t\t\t\t\t\t\t\t\t\t<\/span>\n\t\t\t\t\t<\/button>\n\t\t\t\t<\/div>\n\t\t\t<\/div>\n\t\t<\/form>\n\t\t\t\t<\/div>\n\t\t\t\t<\/div>\n\t\t\t\t\t<\/div>\n\t\t<\/div>\n\t\t\t\t<div class=\"elementor-column elementor-col-33 elementor-top-column elementor-element elementor-element-e5a1722\" data-id=\"e5a1722\" data-element_type=\"column\">\n\t\t\t<div class=\"elementor-widget-wrap\">\n\t\t\t\t\t\t\t\t\t<\/div>\n\t\t<\/div>\n\t\t\t\t\t\t\t<\/div>\n\t\t<\/section>\n\t\t\t\t\t\t<\/div>\n\t\t\t\t\t<\/div>\n\t\t","protected":false},"excerpt":{"rendered":"<p>To send distribution proposals, partnerships, questions or suggestions, fill in the information below.<\/p>\n","protected":false},"author":1,"featured_media":0,"parent":0,"menu_order":0,"comment_status":"closed","ping_status":"closed","template":"","meta":{"footnotes":""},"class_list":["post-48","page","type-page","status-publish","hentry"],"yoast_head":"<!-- This site is optimized with the Yoast SEO plugin v18.1 - https:\/\/yoast.com\/wordpress\/plugins\/seo\/ -->\n<title>Contact - Merc\u00fario Produ\u00e7\u00f5es<\/title>\n<meta name=\"robots\" content=\"index, follow, max-snippet:-1, max-image-preview:large, max-video-preview:-1\" \/>\n<link rel=\"canonical\" href=\"https:\/\/mercurioproducoes.com.br\/en\/contact\/\" \/>\n<meta property=\"og:locale\" content=\"en_US\" \/>\n<meta property=\"og:type\" content=\"article\" \/>\n<meta property=\"og:title\" content=\"Contact - Merc\u00fario Produ\u00e7\u00f5es\" \/>\n<meta property=\"og:description\" content=\"To send distribution proposals, partnerships, questions or suggestions, fill in the information below.\" \/>\n<meta property=\"og:url\" content=\"https:\/\/mercurioproducoes.com.br\/en\/contact\/\" \/>\n<meta property=\"og:site_name\" content=\"Merc\u00fario Produ\u00e7\u00f5es\" \/>\n<meta property=\"article:publisher\" content=\"https:\/\/www.facebook.com\/MercurioProducoesLTDA\/\" \/>\n<meta property=\"article:modified_time\" content=\"2022-02-11T00:38:05+00:00\" \/>\n<meta name=\"twitter:card\" content=\"summary_large_image\" \/>\n<meta name=\"twitter:label1\" content=\"Est. reading time\" \/>\n\t<meta name=\"twitter:data1\" content=\"1 minute\" \/>\n<script type=\"application\/ld+json\" class=\"yoast-schema-graph\">{\"@context\":\"https:\/\/schema.org\",\"@graph\":[{\"@type\":\"Organization\",\"@id\":\"https:\/\/mercurioproducoes.com.br\/en\/#organization\",\"name\":\"Merc\u00fario Produ\u00e7\u00f5es\",\"url\":\"https:\/\/mercurioproducoes.com.br\/en\/\",\"sameAs\":[\"https:\/\/www.facebook.com\/MercurioProducoesLTDA\/\",\"https:\/\/www.instagram.com\/mercurio_producoes\/\",\"https:\/\/www.youtube.com\/channel\/UCLBn_dQaeCrf20H61sMSnSw\"],\"logo\":{\"@type\":\"ImageObject\",\"@id\":\"https:\/\/mercurioproducoes.com.br\/en\/#logo\",\"inLanguage\":\"en-US\",\"url\":\"https:\/\/mercurioproducoes.com.br\/en\/wp-content\/uploads\/sites\/2\/2021\/08\/timeline-mercurio_producoes-1.jpg\",\"contentUrl\":\"https:\/\/mercurioproducoes.com.br\/en\/wp-content\/uploads\/sites\/2\/2021\/08\/timeline-mercurio_producoes-1.jpg\",\"width\":615,\"height\":292,\"caption\":\"Merc\u00fario Produ\u00e7\u00f5es\"},\"image\":{\"@id\":\"https:\/\/mercurioproducoes.com.br\/en\/#logo\"}},{\"@type\":\"WebSite\",\"@id\":\"https:\/\/mercurioproducoes.com.br\/en\/#website\",\"url\":\"https:\/\/mercurioproducoes.com.br\/en\/\",\"name\":\"Merc\u00fario Produ\u00e7\u00f5es\",\"description\":\"S\u00f3 mais um site Merc\u00fario Produ\u00e7\u00f5es sites\",\"publisher\":{\"@id\":\"https:\/\/mercurioproducoes.com.br\/en\/#organization\"},\"potentialAction\":[{\"@type\":\"SearchAction\",\"target\":{\"@type\":\"EntryPoint\",\"urlTemplate\":\"https:\/\/mercurioproducoes.com.br\/en\/?s={search_term_string}\"},\"query-input\":\"required name=search_term_string\"}],\"inLanguage\":\"en-US\"},{\"@type\":\"WebPage\",\"@id\":\"https:\/\/mercurioproducoes.com.br\/en\/contact\/#webpage\",\"url\":\"https:\/\/mercurioproducoes.com.br\/en\/contact\/\",\"name\":\"Contact - Merc\u00fario Produ\u00e7\u00f5es\",\"isPartOf\":{\"@id\":\"https:\/\/mercurioproducoes.com.br\/en\/#website\"},\"datePublished\":\"2021-09-01T21:38:52+00:00\",\"dateModified\":\"2022-02-11T00:38:05+00:00\",\"breadcrumb\":{\"@id\":\"https:\/\/mercurioproducoes.com.br\/en\/contact\/#breadcrumb\"},\"inLanguage\":\"en-US\",\"potentialAction\":[{\"@type\":\"ReadAction\",\"target\":[\"https:\/\/mercurioproducoes.com.br\/en\/contact\/\"]}]},{\"@type\":\"BreadcrumbList\",\"@id\":\"https:\/\/mercurioproducoes.com.br\/en\/contact\/#breadcrumb\",\"itemListElement\":[{\"@type\":\"ListItem\",\"position\":1,\"name\":\"In\u00edcio\",\"item\":\"https:\/\/mercurioproducoes.com.br\/en\/\"},{\"@type\":\"ListItem\",\"position\":2,\"name\":\"Contact\"}]}]}<\/script>\n<!-- \/ Yoast SEO plugin. -->","yoast_head_json":{"title":"Contact - Merc\u00fario Produ\u00e7\u00f5es","robots":{"index":"index","follow":"follow","max-snippet":"max-snippet:-1","max-image-preview":"max-image-preview:large","max-video-preview":"max-video-preview:-1"},"canonical":"https:\/\/mercurioproducoes.com.br\/en\/contact\/","og_locale":"en_US","og_type":"article","og_title":"Contact - Merc\u00fario Produ\u00e7\u00f5es","og_description":"To send distribution proposals, partnerships, questions or suggestions, fill in the information below.","og_url":"https:\/\/mercurioproducoes.com.br\/en\/contact\/","og_site_name":"Merc\u00fario Produ\u00e7\u00f5es","article_publisher":"https:\/\/www.facebook.com\/MercurioProducoesLTDA\/","article_modified_time":"2022-02-11T00:38:05+00:00","twitter_card":"summary_large_image","twitter_misc":{"Est. reading time":"1 minute"},"schema":{"@context":"https:\/\/schema.org","@graph":[{"@type":"Organization","@id":"https:\/\/mercurioproducoes.com.br\/en\/#organization","name":"Merc\u00fario Produ\u00e7\u00f5es","url":"https:\/\/mercurioproducoes.com.br\/en\/","sameAs":["https:\/\/www.facebook.com\/MercurioProducoesLTDA\/","https:\/\/www.instagram.com\/mercurio_producoes\/","https:\/\/www.youtube.com\/channel\/UCLBn_dQaeCrf20H61sMSnSw"],"logo":{"@type":"ImageObject","@id":"https:\/\/mercurioproducoes.com.br\/en\/#logo","inLanguage":"en-US","url":"https:\/\/mercurioproducoes.com.br\/en\/wp-content\/uploads\/sites\/2\/2021\/08\/timeline-mercurio_producoes-1.jpg","contentUrl":"https:\/\/mercurioproducoes.com.br\/en\/wp-content\/uploads\/sites\/2\/2021\/08\/timeline-mercurio_producoes-1.jpg","width":615,"height":292,"caption":"Merc\u00fario Produ\u00e7\u00f5es"},"image":{"@id":"https:\/\/mercurioproducoes.com.br\/en\/#logo"}},{"@type":"WebSite","@id":"https:\/\/mercurioproducoes.com.br\/en\/#website","url":"https:\/\/mercurioproducoes.com.br\/en\/","name":"Merc\u00fario Produ\u00e7\u00f5es","description":"S\u00f3 mais um site Merc\u00fario Produ\u00e7\u00f5es sites","publisher":{"@id":"https:\/\/mercurioproducoes.com.br\/en\/#organization"},"potentialAction":[{"@type":"SearchAction","target":{"@type":"EntryPoint","urlTemplate":"https:\/\/mercurioproducoes.com.br\/en\/?s={search_term_string}"},"query-input":"required name=search_term_string"}],"inLanguage":"en-US"},{"@type":"WebPage","@id":"https:\/\/mercurioproducoes.com.br\/en\/contact\/#webpage","url":"https:\/\/mercurioproducoes.com.br\/en\/contact\/","name":"Contact - Merc\u00fario Produ\u00e7\u00f5es","isPartOf":{"@id":"https:\/\/mercurioproducoes.com.br\/en\/#website"},"datePublished":"2021-09-01T21:38:52+00:00","dateModified":"2022-02-11T00:38:05+00:00","breadcrumb":{"@id":"https:\/\/mercurioproducoes.com.br\/en\/contact\/#breadcrumb"},"inLanguage":"en-US","potentialAction":[{"@type":"ReadAction","target":["https:\/\/mercurioproducoes.com.br\/en\/contact\/"]}]},{"@type":"BreadcrumbList","@id":"https:\/\/mercurioproducoes.com.br\/en\/contact\/#breadcrumb","itemListElement":[{"@type":"ListItem","position":1,"name":"In\u00edcio","item":"https:\/\/mercurioproducoes.com.br\/en\/"},{"@type":"ListItem","position":2,"name":"Contact"}]}]}},"_links":{"self":[{"href":"https:\/\/mercurioproducoes.com.br\/en\/wp-json\/wp\/v2\/pages\/48","targetHints":{"allow":["GET"]}}],"collection":[{"href":"https:\/\/mercurioproducoes.com.br\/en\/wp-json\/wp\/v2\/pages"}],"about":[{"href":"https:\/\/mercurioproducoes.com.br\/en\/wp-json\/wp\/v2\/types\/page"}],"author":[{"embeddable":true,"href":"https:\/\/mercurioproducoes.com.br\/en\/wp-json\/wp\/v2\/users\/1"}],"replies":[{"embeddable":true,"href":"https:\/\/mercurioproducoes.com.br\/en\/wp-json\/wp\/v2\/comments?post=48"}],"version-history":[{"count":4,"href":"https:\/\/mercurioproducoes.com.br\/en\/wp-json\/wp\/v2\/pages\/48\/revisions"}],"predecessor-version":[{"id":1262,"href":"https:\/\/mercurioproducoes.com.br\/en\/wp-json\/wp\/v2\/pages\/48\/revisions\/1262"}],"wp:attachment":[{"href":"https:\/\/mercurioproducoes.com.br\/en\/wp-json\/wp\/v2\/media?parent=48"}],"curies":[{"name":"wp","href":"https:\/\/api.w.org\/{rel}","templated":true}]}}