{"id":3,"date":"2021-08-31T12:25:10","date_gmt":"2021-08-31T15:25:10","guid":{"rendered":"https:\/\/mercurioproducoes.com.br\/?page_id=3"},"modified":"2022-02-11T21:49:55","modified_gmt":"2022-02-12T00:49:55","slug":"politica-de-privacidade","status":"publish","type":"page","link":"https:\/\/mercurioproducoes.com.br\/en\/politica-de-privacidade\/","title":{"rendered":"Privacy politics"},"content":{"rendered":"\t\t<div data-elementor-type=\"wp-page\" data-elementor-id=\"3\" class=\"elementor elementor-3\" data-elementor-settings=\"[]\">\n\t\t\t\t\t\t\t<div class=\"elementor-section-wrap\">\n\t\t\t\t\t\t\t<section class=\"elementor-section elementor-top-section elementor-element elementor-element-43fa30c elementor-section-full_width elementor-section-height-default elementor-section-height-default\" data-id=\"43fa30c\" data-element_type=\"section\" data-settings=\"{&quot;background_background&quot;:&quot;classic&quot;}\">\n\t\t\t\t\t\t\t<div class=\"elementor-background-overlay\"><\/div>\n\t\t\t\t\t\t\t<div class=\"elementor-container elementor-column-gap-default\">\n\t\t\t\t\t<div class=\"elementor-column elementor-col-100 elementor-top-column elementor-element elementor-element-a79a555\" data-id=\"a79a555\" data-element_type=\"column\">\n\t\t\t<div class=\"elementor-widget-wrap elementor-element-populated\">\n\t\t\t\t\t\t\t\t\t<\/div>\n\t\t<\/div>\n\t\t\t\t\t\t\t<\/div>\n\t\t<\/section>\n\t\t\t\t<section class=\"elementor-section elementor-top-section elementor-element elementor-element-44566ad elementor-section-boxed elementor-section-height-default elementor-section-height-default\" data-id=\"44566ad\" data-element_type=\"section\">\n\t\t\t\t\t\t<div class=\"elementor-container elementor-column-gap-default\">\n\t\t\t\t\t<div class=\"elementor-column elementor-col-100 elementor-top-column elementor-element elementor-element-eb2a71a\" data-id=\"eb2a71a\" data-element_type=\"column\">\n\t\t\t<div class=\"elementor-widget-wrap elementor-element-populated\">\n\t\t\t\t\t\t\t\t<section class=\"elementor-section elementor-inner-section elementor-element elementor-element-ff1f0ca elementor-section-boxed elementor-section-height-default elementor-section-height-default\" data-id=\"ff1f0ca\" data-element_type=\"section\">\n\t\t\t\t\t\t<div class=\"elementor-container elementor-column-gap-default\">\n\t\t\t\t\t<div class=\"elementor-column elementor-col-33 elementor-inner-column elementor-element elementor-element-a855d77\" data-id=\"a855d77\" data-element_type=\"column\">\n\t\t\t<div class=\"elementor-widget-wrap\">\n\t\t\t\t\t\t\t\t\t<\/div>\n\t\t<\/div>\n\t\t\t\t<div class=\"elementor-column elementor-col-33 elementor-inner-column elementor-element elementor-element-e7b63f6\" data-id=\"e7b63f6\" data-element_type=\"column\">\n\t\t\t<div class=\"elementor-widget-wrap elementor-element-populated\">\n\t\t\t\t\t\t\t\t<div class=\"elementor-element elementor-element-4f9624c elementor-widget elementor-widget-text-editor\" data-id=\"4f9624c\" data-element_type=\"widget\" data-widget_type=\"text-editor.default\">\n\t\t\t\t<div class=\"elementor-widget-container\">\n\t\t\t\t\t\t\t\t<p>We collect and use certain personal data belonging to those who use our website. In doing so, we act as the controller of this data and are subject to the provisions of Federal Law n. 13.709\/2018 (General Personal Data Protection Law &#8211; LGPD).<\/p>\n<h4>SECTION 1 \u2013 WHAT WILL WE DO WITH THIS INFORMATION?<\/h4>\n<p>When you access our website, we also automatically receive your computer&#8217;s internet protocol, IP address, in order to obtain information that helps us learn about your browser and operating system. By sending us a message via our contact form, we may be able to contact you to respond.<\/p>\n<h4>SECTION 2 &#8211; CONSENT<\/h4>\n<p>\u2013 How do you obtain my consent? When you provide personal information such as your name and email address, when sending a message through our contact form. After carrying out actions, we understand that you agree with the collection of data to be used by our company. \u2013 And if you want to withdraw your consent, how to proceed? If after you have provided us with your data, you change your mind, you may withdraw your consent for us to contact you at any time by contacting us at <strong>smercurioproducoes@gmail.com<\/strong>.<\/p>\n<h4>SECTION 3 &#8211; Cookies<\/h4>\n<p>Cookies are small text files that are automatically downloaded to your device when you access and browse a website. They basically serve to make it possible to identify user devices, activities and preferences. Cookies do not allow any file or information to be extracted from the user&#8217;s hard drive, and it is also not possible, through them, to have access to personal information that has not come from the user or the way in which he uses the resources of the site.\u00a0<\/p>\n<p>\u2013 Website cookies Website cookies are those sent to the user and administrator&#8217;s computer or device exclusively by the website. The information collected through these cookies is used to improve and personalize the user experience, and some cookies may, for example, be used to remember user preferences and choices, as well as to offer personalized content.<\/p>\n<p>\u2013 Third-party cookies Some of our partners may set cookies on the devices of users who access our website. These cookies, in general, aim to enable our partners to offer their content and services to the user who accesses our website in a personalized way, by obtaining navigation data extracted from their interaction with the website.<\/p>\n<p>The user will be able to obtain more information about third-party cookies and the way in which the data obtained from them are treated, in addition to having access to the description of the cookies used and their characteristics, by accessing the following link:<\/p>\n<p>\u2022 <a href=\"https:\/\/developers.google.com\/analytics\/devguides\/collection\/analyticsjs\/cookie-usage?hl=pt-br\" target=\"_blank\" rel=\"noopener\">Google Analytics<\/a><\/p>\n<p>The entities responsible for collecting cookies may transfer the information obtained to third parties.<\/p>\n<h4>SECTION 4 &#8211; SECURITY<\/h4>\n<p>To protect your personal information, we take reasonable precautions and follow industry best practices to ensure that it is not inappropriately lost, misused, accessed, disclosed, altered or destroyed.<\/p>\n<h4>SECTION 5 &#8211; CHANGES TO THIS PRIVACY POLICY<\/h4>\n<p>We reserve the right to modify this privacy policy at any time, so please review it frequently. Changes and clarifications will take effect immediately after their publication on the website. If we make material changes to this policy, we will notify you here that they have been updated so that you are aware of what information we collect, how we use it, and under what circumstances, if any, we use and\/or disclose it.<\/p>\t\t\t\t\t\t<\/div>\n\t\t\t\t<\/div>\n\t\t\t\t\t<\/div>\n\t\t<\/div>\n\t\t\t\t<div class=\"elementor-column elementor-col-33 elementor-inner-column elementor-element elementor-element-ec00059\" data-id=\"ec00059\" data-element_type=\"column\">\n\t\t\t<div class=\"elementor-widget-wrap\">\n\t\t\t\t\t\t\t\t\t<\/div>\n\t\t<\/div>\n\t\t\t\t\t\t\t<\/div>\n\t\t<\/section>\n\t\t\t\t\t<\/div>\n\t\t<\/div>\n\t\t\t\t\t\t\t<\/div>\n\t\t<\/section>\n\t\t\t\t\t\t<\/div>\n\t\t\t\t\t<\/div>\n\t\t","protected":false},"excerpt":{"rendered":"<p>We collect and use certain personal data belonging to those who use our website. In doing so, we act as the controller of this data and are subject to the provisions of Federal Law n. 13.709\/2018 (General Personal Data Protection Law &#8211; LGPD). SECTION 1 \u2013 WHAT WILL WE DO WITH THIS INFORMATION? When you [&hellip;]<\/p>\n","protected":false},"author":1,"featured_media":0,"parent":0,"menu_order":0,"comment_status":"closed","ping_status":"closed","template":"","meta":{"footnotes":""},"class_list":["post-3","page","type-page","status-publish","hentry"],"yoast_head":"<!-- This site is optimized with the Yoast SEO plugin v18.1 - https:\/\/yoast.com\/wordpress\/plugins\/seo\/ -->\n<title>Privacy politics - Merc\u00fario Produ\u00e7\u00f5es<\/title>\n<meta name=\"robots\" content=\"index, follow, max-snippet:-1, max-image-preview:large, max-video-preview:-1\" \/>\n<link rel=\"canonical\" href=\"https:\/\/mercurioproducoes.com.br\/en\/politica-de-privacidade\/\" \/>\n<meta property=\"og:locale\" content=\"en_US\" \/>\n<meta property=\"og:type\" content=\"article\" \/>\n<meta property=\"og:title\" content=\"Privacy politics - Merc\u00fario Produ\u00e7\u00f5es\" \/>\n<meta property=\"og:description\" content=\"We collect and use certain personal data belonging to those who use our website. In doing so, we act as the controller of this data and are subject to the provisions of Federal Law n. 13.709\/2018 (General Personal Data Protection Law &#8211; LGPD). SECTION 1 \u2013 WHAT WILL WE DO WITH THIS INFORMATION? When you [&hellip;]\" \/>\n<meta property=\"og:url\" content=\"https:\/\/mercurioproducoes.com.br\/en\/politica-de-privacidade\/\" \/>\n<meta property=\"og:site_name\" content=\"Merc\u00fario Produ\u00e7\u00f5es\" \/>\n<meta property=\"article:publisher\" content=\"https:\/\/www.facebook.com\/MercurioProducoesLTDA\/\" \/>\n<meta property=\"article:modified_time\" content=\"2022-02-12T00:49:55+00:00\" \/>\n<meta name=\"twitter:card\" content=\"summary_large_image\" \/>\n<meta name=\"twitter:label1\" content=\"Est. reading time\" \/>\n\t<meta name=\"twitter:data1\" content=\"3 minutes\" \/>\n<script type=\"application\/ld+json\" class=\"yoast-schema-graph\">{\"@context\":\"https:\/\/schema.org\",\"@graph\":[{\"@type\":\"Organization\",\"@id\":\"https:\/\/mercurioproducoes.com.br\/en\/#organization\",\"name\":\"Merc\u00fario Produ\u00e7\u00f5es\",\"url\":\"https:\/\/mercurioproducoes.com.br\/en\/\",\"sameAs\":[\"https:\/\/www.facebook.com\/MercurioProducoesLTDA\/\",\"https:\/\/www.instagram.com\/mercurio_producoes\/\",\"https:\/\/www.youtube.com\/channel\/UCLBn_dQaeCrf20H61sMSnSw\"],\"logo\":{\"@type\":\"ImageObject\",\"@id\":\"https:\/\/mercurioproducoes.com.br\/en\/#logo\",\"inLanguage\":\"en-US\",\"url\":\"https:\/\/mercurioproducoes.com.br\/en\/wp-content\/uploads\/sites\/2\/2021\/08\/timeline-mercurio_producoes-1.jpg\",\"contentUrl\":\"https:\/\/mercurioproducoes.com.br\/en\/wp-content\/uploads\/sites\/2\/2021\/08\/timeline-mercurio_producoes-1.jpg\",\"width\":615,\"height\":292,\"caption\":\"Merc\u00fario Produ\u00e7\u00f5es\"},\"image\":{\"@id\":\"https:\/\/mercurioproducoes.com.br\/en\/#logo\"}},{\"@type\":\"WebSite\",\"@id\":\"https:\/\/mercurioproducoes.com.br\/en\/#website\",\"url\":\"https:\/\/mercurioproducoes.com.br\/en\/\",\"name\":\"Merc\u00fario Produ\u00e7\u00f5es\",\"description\":\"S\u00f3 mais um site Merc\u00fario Produ\u00e7\u00f5es sites\",\"publisher\":{\"@id\":\"https:\/\/mercurioproducoes.com.br\/en\/#organization\"},\"potentialAction\":[{\"@type\":\"SearchAction\",\"target\":{\"@type\":\"EntryPoint\",\"urlTemplate\":\"https:\/\/mercurioproducoes.com.br\/en\/?s={search_term_string}\"},\"query-input\":\"required name=search_term_string\"}],\"inLanguage\":\"en-US\"},{\"@type\":\"WebPage\",\"@id\":\"https:\/\/mercurioproducoes.com.br\/en\/politica-de-privacidade\/#webpage\",\"url\":\"https:\/\/mercurioproducoes.com.br\/en\/politica-de-privacidade\/\",\"name\":\"Privacy politics - Merc\u00fario Produ\u00e7\u00f5es\",\"isPartOf\":{\"@id\":\"https:\/\/mercurioproducoes.com.br\/en\/#website\"},\"datePublished\":\"2021-08-31T15:25:10+00:00\",\"dateModified\":\"2022-02-12T00:49:55+00:00\",\"breadcrumb\":{\"@id\":\"https:\/\/mercurioproducoes.com.br\/en\/politica-de-privacidade\/#breadcrumb\"},\"inLanguage\":\"en-US\",\"potentialAction\":[{\"@type\":\"ReadAction\",\"target\":[\"https:\/\/mercurioproducoes.com.br\/en\/politica-de-privacidade\/\"]}]},{\"@type\":\"BreadcrumbList\",\"@id\":\"https:\/\/mercurioproducoes.com.br\/en\/politica-de-privacidade\/#breadcrumb\",\"itemListElement\":[{\"@type\":\"ListItem\",\"position\":1,\"name\":\"In\u00edcio\",\"item\":\"https:\/\/mercurioproducoes.com.br\/en\/\"},{\"@type\":\"ListItem\",\"position\":2,\"name\":\"Privacy politics\"}]}]}<\/script>\n<!-- \/ Yoast SEO plugin. -->","yoast_head_json":{"title":"Privacy politics - Merc\u00fario Produ\u00e7\u00f5es","robots":{"index":"index","follow":"follow","max-snippet":"max-snippet:-1","max-image-preview":"max-image-preview:large","max-video-preview":"max-video-preview:-1"},"canonical":"https:\/\/mercurioproducoes.com.br\/en\/politica-de-privacidade\/","og_locale":"en_US","og_type":"article","og_title":"Privacy politics - Merc\u00fario Produ\u00e7\u00f5es","og_description":"We collect and use certain personal data belonging to those who use our website. In doing so, we act as the controller of this data and are subject to the provisions of Federal Law n. 13.709\/2018 (General Personal Data Protection Law &#8211; LGPD). SECTION 1 \u2013 WHAT WILL WE DO WITH THIS INFORMATION? When you [&hellip;]","og_url":"https:\/\/mercurioproducoes.com.br\/en\/politica-de-privacidade\/","og_site_name":"Merc\u00fario Produ\u00e7\u00f5es","article_publisher":"https:\/\/www.facebook.com\/MercurioProducoesLTDA\/","article_modified_time":"2022-02-12T00:49:55+00:00","twitter_card":"summary_large_image","twitter_misc":{"Est. reading time":"3 minutes"},"schema":{"@context":"https:\/\/schema.org","@graph":[{"@type":"Organization","@id":"https:\/\/mercurioproducoes.com.br\/en\/#organization","name":"Merc\u00fario Produ\u00e7\u00f5es","url":"https:\/\/mercurioproducoes.com.br\/en\/","sameAs":["https:\/\/www.facebook.com\/MercurioProducoesLTDA\/","https:\/\/www.instagram.com\/mercurio_producoes\/","https:\/\/www.youtube.com\/channel\/UCLBn_dQaeCrf20H61sMSnSw"],"logo":{"@type":"ImageObject","@id":"https:\/\/mercurioproducoes.com.br\/en\/#logo","inLanguage":"en-US","url":"https:\/\/mercurioproducoes.com.br\/en\/wp-content\/uploads\/sites\/2\/2021\/08\/timeline-mercurio_producoes-1.jpg","contentUrl":"https:\/\/mercurioproducoes.com.br\/en\/wp-content\/uploads\/sites\/2\/2021\/08\/timeline-mercurio_producoes-1.jpg","width":615,"height":292,"caption":"Merc\u00fario Produ\u00e7\u00f5es"},"image":{"@id":"https:\/\/mercurioproducoes.com.br\/en\/#logo"}},{"@type":"WebSite","@id":"https:\/\/mercurioproducoes.com.br\/en\/#website","url":"https:\/\/mercurioproducoes.com.br\/en\/","name":"Merc\u00fario Produ\u00e7\u00f5es","description":"S\u00f3 mais um site Merc\u00fario Produ\u00e7\u00f5es sites","publisher":{"@id":"https:\/\/mercurioproducoes.com.br\/en\/#organization"},"potentialAction":[{"@type":"SearchAction","target":{"@type":"EntryPoint","urlTemplate":"https:\/\/mercurioproducoes.com.br\/en\/?s={search_term_string}"},"query-input":"required name=search_term_string"}],"inLanguage":"en-US"},{"@type":"WebPage","@id":"https:\/\/mercurioproducoes.com.br\/en\/politica-de-privacidade\/#webpage","url":"https:\/\/mercurioproducoes.com.br\/en\/politica-de-privacidade\/","name":"Privacy politics - Merc\u00fario Produ\u00e7\u00f5es","isPartOf":{"@id":"https:\/\/mercurioproducoes.com.br\/en\/#website"},"datePublished":"2021-08-31T15:25:10+00:00","dateModified":"2022-02-12T00:49:55+00:00","breadcrumb":{"@id":"https:\/\/mercurioproducoes.com.br\/en\/politica-de-privacidade\/#breadcrumb"},"inLanguage":"en-US","potentialAction":[{"@type":"ReadAction","target":["https:\/\/mercurioproducoes.com.br\/en\/politica-de-privacidade\/"]}]},{"@type":"BreadcrumbList","@id":"https:\/\/mercurioproducoes.com.br\/en\/politica-de-privacidade\/#breadcrumb","itemListElement":[{"@type":"ListItem","position":1,"name":"In\u00edcio","item":"https:\/\/mercurioproducoes.com.br\/en\/"},{"@type":"ListItem","position":2,"name":"Privacy politics"}]}]}},"_links":{"self":[{"href":"https:\/\/mercurioproducoes.com.br\/en\/wp-json\/wp\/v2\/pages\/3","targetHints":{"allow":["GET"]}}],"collection":[{"href":"https:\/\/mercurioproducoes.com.br\/en\/wp-json\/wp\/v2\/pages"}],"about":[{"href":"https:\/\/mercurioproducoes.com.br\/en\/wp-json\/wp\/v2\/types\/page"}],"author":[{"embeddable":true,"href":"https:\/\/mercurioproducoes.com.br\/en\/wp-json\/wp\/v2\/users\/1"}],"replies":[{"embeddable":true,"href":"https:\/\/mercurioproducoes.com.br\/en\/wp-json\/wp\/v2\/comments?post=3"}],"version-history":[{"count":7,"href":"https:\/\/mercurioproducoes.com.br\/en\/wp-json\/wp\/v2\/pages\/3\/revisions"}],"predecessor-version":[{"id":1391,"href":"https:\/\/mercurioproducoes.com.br\/en\/wp-json\/wp\/v2\/pages\/3\/revisions\/1391"}],"wp:attachment":[{"href":"https:\/\/mercurioproducoes.com.br\/en\/wp-json\/wp\/v2\/media?parent=3"}],"curies":[{"name":"wp","href":"https:\/\/api.w.org\/{rel}","templated":true}]}}