{"id":1239,"date":"2022-02-10T10:05:32","date_gmt":"2022-02-10T13:05:32","guid":{"rendered":"https:\/\/mercurioproducoes.com.br\/en\/?page_id=1239"},"modified":"2022-03-21T23:23:41","modified_gmt":"2022-03-22T02:23:41","slug":"home","status":"publish","type":"page","link":"https:\/\/mercurioproducoes.com.br\/en\/","title":{"rendered":"Home"},"content":{"rendered":"\t\t<div data-elementor-type=\"wp-page\" data-elementor-id=\"1239\" class=\"elementor elementor-1239\" data-elementor-settings=\"[]\">\n\t\t\t\t\t\t\t<div class=\"elementor-section-wrap\">\n\t\t\t\t\t\t\t<section class=\"elementor-section elementor-top-section elementor-element elementor-element-0aabb44 elementor-section-height-full elementor-section-full_width elementor-section-height-default elementor-section-items-middle\" data-id=\"0aabb44\" data-element_type=\"section\">\n\t\t\t\t\t\t<div class=\"elementor-container elementor-column-gap-no\">\n\t\t\t\t\t<div class=\"elementor-column elementor-col-100 elementor-top-column elementor-element elementor-element-51114e0\" data-id=\"51114e0\" data-element_type=\"column\">\n\t\t\t<div class=\"elementor-widget-wrap elementor-element-populated\">\n\t\t\t\t\t\t\t\t\t<\/div>\n\t\t<\/div>\n\t\t\t\t\t\t\t<\/div>\n\t\t<\/section>\n\t\t\t\t\t\t<\/div>\n\t\t\t\t\t<\/div>\n\t\t","protected":false},"excerpt":{"rendered":"","protected":false},"author":1,"featured_media":0,"parent":0,"menu_order":0,"comment_status":"closed","ping_status":"closed","template":"elementor_header_footer","meta":{"footnotes":""},"class_list":["post-1239","page","type-page","status-publish","hentry"],"yoast_head":"<!-- This site is optimized with the Yoast SEO plugin v18.1 - https:\/\/yoast.com\/wordpress\/plugins\/seo\/ -->\n<title>Merc\u00fario Produ\u00e7\u00f5es<\/title>\n<meta name=\"description\" content=\"Merc\u00fario Produ\u00e7\u00f5es, a film production company founded in 2001 by Helena Ignez, Djin Sganzerla and Sinai Sganzerla, is responsible for the entire cinematographic work of filmmaker Rog\u00e9rio Sganzerla, in addition to the audiovisual productions of its founders.\" \/>\n<meta name=\"robots\" content=\"index, follow, max-snippet:-1, max-image-preview:large, max-video-preview:-1\" \/>\n<link rel=\"canonical\" href=\"https:\/\/mercurioproducoes.com.br\/en\/\" \/>\n<meta property=\"og:locale\" content=\"en_US\" \/>\n<meta property=\"og:type\" content=\"article\" \/>\n<meta property=\"og:title\" content=\"Merc\u00fario Produ\u00e7\u00f5es\" \/>\n<meta property=\"og:description\" content=\"Merc\u00fario Produ\u00e7\u00f5es, a film production company founded in 2001 by Helena Ignez, Djin Sganzerla and Sinai Sganzerla, is responsible for the entire cinematographic work of filmmaker Rog\u00e9rio Sganzerla, in addition to the audiovisual productions of its founders.\" \/>\n<meta property=\"og:url\" content=\"https:\/\/mercurioproducoes.com.br\/en\/\" \/>\n<meta property=\"og:site_name\" content=\"Merc\u00fario Produ\u00e7\u00f5es\" \/>\n<meta property=\"article:publisher\" content=\"https:\/\/www.facebook.com\/MercurioProducoesLTDA\/\" \/>\n<meta property=\"article:modified_time\" content=\"2022-03-22T02:23:41+00:00\" \/>\n<meta name=\"twitter:card\" content=\"summary_large_image\" \/>\n<script type=\"application\/ld+json\" class=\"yoast-schema-graph\">{\"@context\":\"https:\/\/schema.org\",\"@graph\":[{\"@type\":\"Organization\",\"@id\":\"https:\/\/mercurioproducoes.com.br\/en\/#organization\",\"name\":\"Merc\u00fario Produ\u00e7\u00f5es\",\"url\":\"https:\/\/mercurioproducoes.com.br\/en\/\",\"sameAs\":[\"https:\/\/www.facebook.com\/MercurioProducoesLTDA\/\",\"https:\/\/www.instagram.com\/mercurio_producoes\/\",\"https:\/\/www.youtube.com\/channel\/UCLBn_dQaeCrf20H61sMSnSw\"],\"logo\":{\"@type\":\"ImageObject\",\"@id\":\"https:\/\/mercurioproducoes.com.br\/en\/#logo\",\"inLanguage\":\"en-US\",\"url\":\"https:\/\/mercurioproducoes.com.br\/en\/wp-content\/uploads\/sites\/2\/2021\/08\/timeline-mercurio_producoes-1.jpg\",\"contentUrl\":\"https:\/\/mercurioproducoes.com.br\/en\/wp-content\/uploads\/sites\/2\/2021\/08\/timeline-mercurio_producoes-1.jpg\",\"width\":615,\"height\":292,\"caption\":\"Merc\u00fario Produ\u00e7\u00f5es\"},\"image\":{\"@id\":\"https:\/\/mercurioproducoes.com.br\/en\/#logo\"}},{\"@type\":\"WebSite\",\"@id\":\"https:\/\/mercurioproducoes.com.br\/en\/#website\",\"url\":\"https:\/\/mercurioproducoes.com.br\/en\/\",\"name\":\"Merc\u00fario Produ\u00e7\u00f5es\",\"description\":\"S\u00f3 mais um site Merc\u00fario Produ\u00e7\u00f5es sites\",\"publisher\":{\"@id\":\"https:\/\/mercurioproducoes.com.br\/en\/#organization\"},\"potentialAction\":[{\"@type\":\"SearchAction\",\"target\":{\"@type\":\"EntryPoint\",\"urlTemplate\":\"https:\/\/mercurioproducoes.com.br\/en\/?s={search_term_string}\"},\"query-input\":\"required name=search_term_string\"}],\"inLanguage\":\"en-US\"},{\"@type\":\"WebPage\",\"@id\":\"https:\/\/mercurioproducoes.com.br\/en\/#webpage\",\"url\":\"https:\/\/mercurioproducoes.com.br\/en\/\",\"name\":\"Merc\u00fario Produ\u00e7\u00f5es\",\"isPartOf\":{\"@id\":\"https:\/\/mercurioproducoes.com.br\/en\/#website\"},\"datePublished\":\"2022-02-10T13:05:32+00:00\",\"dateModified\":\"2022-03-22T02:23:41+00:00\",\"description\":\"Merc\u00fario Produ\u00e7\u00f5es, a film production company founded in 2001 by Helena Ignez, Djin Sganzerla and Sinai Sganzerla, is responsible for the entire cinematographic work of filmmaker Rog\u00e9rio Sganzerla, in addition to the audiovisual productions of its founders.\",\"breadcrumb\":{\"@id\":\"https:\/\/mercurioproducoes.com.br\/en\/#breadcrumb\"},\"inLanguage\":\"en-US\",\"potentialAction\":[{\"@type\":\"ReadAction\",\"target\":[\"https:\/\/mercurioproducoes.com.br\/en\/\"]}]},{\"@type\":\"BreadcrumbList\",\"@id\":\"https:\/\/mercurioproducoes.com.br\/en\/#breadcrumb\",\"itemListElement\":[{\"@type\":\"ListItem\",\"position\":1,\"name\":\"In\u00edcio\",\"item\":\"https:\/\/mercurioproducoes.com.br\/en\/\"},{\"@type\":\"ListItem\",\"position\":2,\"name\":\"Home\"}]}]}<\/script>\n<!-- \/ Yoast SEO plugin. -->","yoast_head_json":{"title":"Merc\u00fario Produ\u00e7\u00f5es","description":"Merc\u00fario Produ\u00e7\u00f5es, a film production company founded in 2001 by Helena Ignez, Djin Sganzerla and Sinai Sganzerla, is responsible for the entire cinematographic work of filmmaker Rog\u00e9rio Sganzerla, in addition to the audiovisual productions of its founders.","robots":{"index":"index","follow":"follow","max-snippet":"max-snippet:-1","max-image-preview":"max-image-preview:large","max-video-preview":"max-video-preview:-1"},"canonical":"https:\/\/mercurioproducoes.com.br\/en\/","og_locale":"en_US","og_type":"article","og_title":"Merc\u00fario Produ\u00e7\u00f5es","og_description":"Merc\u00fario Produ\u00e7\u00f5es, a film production company founded in 2001 by Helena Ignez, Djin Sganzerla and Sinai Sganzerla, is responsible for the entire cinematographic work of filmmaker Rog\u00e9rio Sganzerla, in addition to the audiovisual productions of its founders.","og_url":"https:\/\/mercurioproducoes.com.br\/en\/","og_site_name":"Merc\u00fario Produ\u00e7\u00f5es","article_publisher":"https:\/\/www.facebook.com\/MercurioProducoesLTDA\/","article_modified_time":"2022-03-22T02:23:41+00:00","twitter_card":"summary_large_image","schema":{"@context":"https:\/\/schema.org","@graph":[{"@type":"Organization","@id":"https:\/\/mercurioproducoes.com.br\/en\/#organization","name":"Merc\u00fario Produ\u00e7\u00f5es","url":"https:\/\/mercurioproducoes.com.br\/en\/","sameAs":["https:\/\/www.facebook.com\/MercurioProducoesLTDA\/","https:\/\/www.instagram.com\/mercurio_producoes\/","https:\/\/www.youtube.com\/channel\/UCLBn_dQaeCrf20H61sMSnSw"],"logo":{"@type":"ImageObject","@id":"https:\/\/mercurioproducoes.com.br\/en\/#logo","inLanguage":"en-US","url":"https:\/\/mercurioproducoes.com.br\/en\/wp-content\/uploads\/sites\/2\/2021\/08\/timeline-mercurio_producoes-1.jpg","contentUrl":"https:\/\/mercurioproducoes.com.br\/en\/wp-content\/uploads\/sites\/2\/2021\/08\/timeline-mercurio_producoes-1.jpg","width":615,"height":292,"caption":"Merc\u00fario Produ\u00e7\u00f5es"},"image":{"@id":"https:\/\/mercurioproducoes.com.br\/en\/#logo"}},{"@type":"WebSite","@id":"https:\/\/mercurioproducoes.com.br\/en\/#website","url":"https:\/\/mercurioproducoes.com.br\/en\/","name":"Merc\u00fario Produ\u00e7\u00f5es","description":"S\u00f3 mais um site Merc\u00fario Produ\u00e7\u00f5es sites","publisher":{"@id":"https:\/\/mercurioproducoes.com.br\/en\/#organization"},"potentialAction":[{"@type":"SearchAction","target":{"@type":"EntryPoint","urlTemplate":"https:\/\/mercurioproducoes.com.br\/en\/?s={search_term_string}"},"query-input":"required name=search_term_string"}],"inLanguage":"en-US"},{"@type":"WebPage","@id":"https:\/\/mercurioproducoes.com.br\/en\/#webpage","url":"https:\/\/mercurioproducoes.com.br\/en\/","name":"Merc\u00fario Produ\u00e7\u00f5es","isPartOf":{"@id":"https:\/\/mercurioproducoes.com.br\/en\/#website"},"datePublished":"2022-02-10T13:05:32+00:00","dateModified":"2022-03-22T02:23:41+00:00","description":"Merc\u00fario Produ\u00e7\u00f5es, a film production company founded in 2001 by Helena Ignez, Djin Sganzerla and Sinai Sganzerla, is responsible for the entire cinematographic work of filmmaker Rog\u00e9rio Sganzerla, in addition to the audiovisual productions of its founders.","breadcrumb":{"@id":"https:\/\/mercurioproducoes.com.br\/en\/#breadcrumb"},"inLanguage":"en-US","potentialAction":[{"@type":"ReadAction","target":["https:\/\/mercurioproducoes.com.br\/en\/"]}]},{"@type":"BreadcrumbList","@id":"https:\/\/mercurioproducoes.com.br\/en\/#breadcrumb","itemListElement":[{"@type":"ListItem","position":1,"name":"In\u00edcio","item":"https:\/\/mercurioproducoes.com.br\/en\/"},{"@type":"ListItem","position":2,"name":"Home"}]}]}},"_links":{"self":[{"href":"https:\/\/mercurioproducoes.com.br\/en\/wp-json\/wp\/v2\/pages\/1239","targetHints":{"allow":["GET"]}}],"collection":[{"href":"https:\/\/mercurioproducoes.com.br\/en\/wp-json\/wp\/v2\/pages"}],"about":[{"href":"https:\/\/mercurioproducoes.com.br\/en\/wp-json\/wp\/v2\/types\/page"}],"author":[{"embeddable":true,"href":"https:\/\/mercurioproducoes.com.br\/en\/wp-json\/wp\/v2\/users\/1"}],"replies":[{"embeddable":true,"href":"https:\/\/mercurioproducoes.com.br\/en\/wp-json\/wp\/v2\/comments?post=1239"}],"version-history":[{"count":22,"href":"https:\/\/mercurioproducoes.com.br\/en\/wp-json\/wp\/v2\/pages\/1239\/revisions"}],"predecessor-version":[{"id":1384,"href":"https:\/\/mercurioproducoes.com.br\/en\/wp-json\/wp\/v2\/pages\/1239\/revisions\/1384"}],"wp:attachment":[{"href":"https:\/\/mercurioproducoes.com.br\/en\/wp-json\/wp\/v2\/media?parent=1239"}],"curies":[{"name":"wp","href":"https:\/\/api.w.org\/{rel}","templated":true}]}}